{"id":2388,"date":"2022-03-12T12:14:22","date_gmt":"2022-03-12T11:14:22","guid":{"rendered":"https:\/\/galleria-kroeger.ch\/michael-kropp-it\/"},"modified":"2023-03-07T10:42:50","modified_gmt":"2023-03-07T09:42:50","slug":"michael-kropp-de","status":"publish","type":"page","link":"https:\/\/galleria-kroeger.ch\/de\/michael-kropp-de\/","title":{"rendered":"Michael Kropp"},"content":{"rendered":"<p><div class=\"fusion-fullwidth fullwidth-box fusion-builder-row-1 fusion-flex-container nonhundred-percent-fullwidth non-hundred-percent-height-scrolling\" style=\"--link_hover_color: #65bc7b;--awb-border-radius-top-left:0px;--awb-border-radius-top-right:0px;--awb-border-radius-bottom-right:0px;--awb-border-radius-bottom-left:0px;--awb-background-color:#383838;--awb-flex-wrap:wrap;\" ><div class=\"fusion-builder-row fusion-row fusion-flex-align-items-flex-start fusion-flex-content-wrap\" style=\"max-width:1248px;margin-left: calc(-4% \/ 2 );margin-right: calc(-4% \/ 2 );\"><div class=\"fusion-layout-column fusion_builder_column fusion-builder-column-0 fusion_builder_column_1_1 1_1 fusion-flex-column\" style=\"--awb-bg-color:#383838;--awb-bg-color-hover:#383838;--awb-bg-size:cover;--awb-width-large:100%;--awb-margin-top-large:0px;--awb-spacing-right-large:1.92%;--awb-margin-bottom-large:20px;--awb-spacing-left-large:1.92%;--awb-width-medium:100%;--awb-order-medium:0;--awb-spacing-right-medium:1.92%;--awb-spacing-left-medium:1.92%;--awb-width-small:100%;--awb-order-small:0;--awb-spacing-right-small:1.92%;--awb-spacing-left-small:1.92%;\"><div class=\"fusion-column-wrapper fusion-column-has-shadow fusion-flex-justify-content-flex-start fusion-content-layout-column\"><div class=\"fusion-title title fusion-title-1 fusion-sep-none fusion-title-text fusion-title-size-four fusion-animated\" style=\"--awb-margin-top-small:10px;--awb-margin-right-small:0px;--awb-margin-bottom-small:10px;--awb-margin-left-small:0px;\" data-animationType=\"fadeInLeft\" data-animationDuration=\"1.0\" data-animationOffset=\"top-into-view\"><h4 class=\"fusion-title-heading title-heading-left\" style=\"margin:0;\">Michael Kropp<\/h4><\/div><div class=\"fusion-separator fusion-full-width-sep\" style=\"align-self: center;margin-left: auto;margin-right: auto;margin-top:40px;width:100%;\"><\/div><div class=\"fusion-text fusion-text-1\"><\/div><div class=\"fusion-text fusion-text-2\"><div  id=\"jtg-2383\" class=\"modula modula-gallery modula-columns\" data-config=\"{&quot;tabletHeight&quot;:300,&quot;mobileHeight&quot;:300,&quot;desktopHeight&quot;:300,&quot;enableTwitter&quot;:false,&quot;enableWhatsapp&quot;:false,&quot;enableFacebook&quot;:false,&quot;enablePinterest&quot;:false,&quot;enableLinkedin&quot;:false,&quot;enableEmail&quot;:false,&quot;randomFactor&quot;:0,&quot;type&quot;:&quot;grid&quot;,&quot;columns&quot;:12,&quot;gutter&quot;:20,&quot;mobileGutter&quot;:20,&quot;tabletGutter&quot;:20,&quot;desktopGutter&quot;:20,&quot;enableResponsive&quot;:&quot;1&quot;,&quot;tabletColumns&quot;:&quot;4&quot;,&quot;mobileColumns&quot;:&quot;3&quot;,&quot;lazyLoad&quot;:0,&quot;lightboxOpts&quot;:{&quot;animated&quot;:true,&quot;Thumbs&quot;:{&quot;type&quot;:&quot;modern&quot;,&quot;showOnStart&quot;:false},&quot;Toolbar&quot;:{&quot;display&quot;:{&quot;right&quot;:[&quot;close&quot;],&quot;left&quot;:[&quot;infobar&quot;]},&quot;enabled&quot;:true},&quot;Carousel&quot;:{&quot;Panzoom&quot;:{&quot;touch&quot;:true},&quot;infinite&quot;:false,&quot;transition&quot;:&quot;fade&quot;},&quot;keyboard&quot;:{&quot;Escape&quot;:&quot;close&quot;,&quot;Delete&quot;:&quot;close&quot;,&quot;Backspace&quot;:&quot;close&quot;,&quot;PageUp&quot;:false,&quot;PageDown&quot;:false,&quot;ArrowUp&quot;:false,&quot;ArrowDown&quot;:false,&quot;ArrowRight&quot;:false,&quot;ArrowLeft&quot;:false},&quot;touch&quot;:{&quot;vertical&quot;:true,&quot;momentum&quot;:true},&quot;backdropClick&quot;:&quot;close&quot;,&quot;l10n&quot;:{&quot;CLOSE&quot;:&quot;Close&quot;,&quot;NEXT&quot;:&quot;Next&quot;,&quot;PREV&quot;:&quot;Previous&quot;,&quot;Error&quot;:&quot;The requested content cannot be loaded. Please try again later.&quot;,&quot;PLAY_START&quot;:&quot;Start slideshow&quot;,&quot;PLAY_STOP&quot;:&quot;Pause slideshow&quot;,&quot;FULL_SCREEN&quot;:&quot;Full screen&quot;,&quot;THUMBS&quot;:&quot;Thumbnails&quot;,&quot;DOWNLOAD&quot;:&quot;Download&quot;,&quot;SHARE&quot;:&quot;Share&quot;,&quot;ZOOM&quot;:&quot;Zoom&quot;,&quot;EMAIL&quot;:&quot;Here is the link to the image : %%image_link%% and this is the link to the gallery : %%gallery_link%%&quot;,&quot;MODAL&quot;:&quot;You can close this modal content with the ESC key&quot;,&quot;ERROR&quot;:&quot;Something Went Wrong, Please Try Again Later&quot;,&quot;IMAGE_ERROR&quot;:&quot;Image Not Found&quot;,&quot;ELEMENT_NOT_FOUND&quot;:&quot;HTML Element Not Found&quot;,&quot;AJAX_NOT_FOUND&quot;:&quot;Error Loading AJAX : Not Found&quot;,&quot;AJAX_FORBIDDEN&quot;:&quot;Error Loading AJAX : Forbidden&quot;,&quot;IFRAME_ERROR&quot;:&quot;Error Loading Page&quot;,&quot;TOGGLE_ZOOM&quot;:&quot;Toggle zoom level&quot;,&quot;TOGGLE_THUMBS&quot;:&quot;Toggle thumbnails&quot;,&quot;TOGGLE_SLIDESHOW&quot;:&quot;Toggle slideshow&quot;,&quot;TOGGLE_FULLSCREEN&quot;:&quot;Toggle full-screen mode&quot;},&quot;Images&quot;:{&quot;Panzoom&quot;:{&quot;maxScale&quot;:2},&quot;zoom&quot;:false},&quot;toolbar&quot;:true,&quot;wheel&quot;:false,&quot;animationEffect&quot;:&quot;fade&quot;,&quot;animationDuration&quot;:366,&quot;transitionEffect&quot;:&quot;fade&quot;,&quot;transitionDuration&quot;:366,&quot;mainClass&quot;:&quot;modula-fancybox-container modula-lightbox-jtg-2383&quot;,&quot;Html&quot;:{&quot;videoAutoplay&quot;:0,&quot;videoTpl&quot;:&quot;&lt;video class=\\&quot;fancybox__html5video\\&quot; controls muted playsinline controlsList controlsList=\\&quot;nodownload\\&quot; poster=\\&quot;{{poster}}\\&quot; src=\\&quot;{{src}}\\&quot; type=\\&quot;{{format}}\\&quot; &gt;  Sorry, your browser doesn&#039;t support embedded videos, &lt;a href=\\&quot;{{src}}\\&quot;&gt; download &lt;\\\/a&gt; and watch with your favorite video player! &lt;\\\/video&gt;&quot;},&quot;showClass&quot;:&quot;m-fadeIn&quot;,&quot;hideClass&quot;:&quot;m-fadeOut&quot;},&quot;inView&quot;:true,&quot;email_subject&quot;:&quot;Check out this awesome image !!&quot;,&quot;email_message&quot;:&quot;Here is the link to the image : %%image_link%% and this is the link to the gallery : %%gallery_link%%&quot;,&quot;lightbox&quot;:&quot;fancybox&quot;,&quot;filterClick&quot;:&quot;0&quot;,&quot;dropdownFilters&quot;:&quot;0&quot;,&quot;defaultActiveFilter&quot;:&quot;all&quot;,&quot;initLightbox&quot;:&quot;modula_pro_init_lightbox&quot;,&quot;haveFilters&quot;:0,&quot;grid_type&quot;:&quot;4&quot;,&quot;rowHeight&quot;:150,&quot;lastRow&quot;:&quot;justify&quot;}\">\n\n\t<div class=\"modula-grid-sizer\"> <\/div>\n\t<div  class=\"modula-items grid-gallery\">\n\t\t<div class=\"modula-item effect-selena jtg-filter-all jtg-filter-\" >\n\t<div class=\"modula-item-overlay\"><\/div>\n\n\t<div class=\"modula-item-content\">\n\n\t\t\t\t\n\t\t\t\t\t<a data-image-id=\"2411\" role=\"button\" tabindex=\"0\" href=\"https:\/\/galleria-kroeger.ch\/wp-content\/uploads\/2022\/03\/Verzicht-auf-Mitte-2010-O42H18cm.jpg\" rel=\"jtg-2383\" data-caption=\"&lt;p&gt;&lt;\/p&gt;\" aria-label=\"Open image in lightbox\" data-thumb=\"https:\/\/galleria-kroeger.ch\/wp-content\/uploads\/2022\/03\/Verzicht-auf-Mitte-2010-O42H18cm-150x150.jpg\" class=\"tile-inner modula-item-link\"><\/a>\n\t\t\n\t\t<img decoding=\"async\" class=\"pic wp-image-2411\"  data-valign=\"middle\" data-halign=\"center\" alt=\"Livia und Michael Kubach &amp; Kropp, Steinskulpturen, schwedischer Granit, Galleria Kr\u00f6ger, Ascona, Lago Maggiore, SteinskulpturenMuseum Bad M\u00fcnster, Tadao Ando\" data-full=\"https:\/\/galleria-kroeger.ch\/wp-content\/uploads\/2022\/03\/Verzicht-auf-Mitte-2010-O42H18cm.jpg\" title=\"\" width=\"300\" height=\"227\" src=\"https:\/\/galleria-kroeger.ch\/wp-content\/uploads\/2022\/03\/Verzicht-auf-Mitte-2010-O42H18cm-300x227.jpg\" data-src=\"https:\/\/galleria-kroeger.ch\/wp-content\/uploads\/2022\/03\/Verzicht-auf-Mitte-2010-O42H18cm-300x227.jpg\" data-caption=\"\" srcset=\"https:\/\/galleria-kroeger.ch\/wp-content\/uploads\/2022\/03\/Verzicht-auf-Mitte-2010-O42H18cm-24x18.jpg 24w, https:\/\/galleria-kroeger.ch\/wp-content\/uploads\/2022\/03\/Verzicht-auf-Mitte-2010-O42H18cm-36x27.jpg 36w, https:\/\/galleria-kroeger.ch\/wp-content\/uploads\/2022\/03\/Verzicht-auf-Mitte-2010-O42H18cm-48x36.jpg 48w, https:\/\/galleria-kroeger.ch\/wp-content\/uploads\/2022\/03\/Verzicht-auf-Mitte-2010-O42H18cm-200x152.jpg 200w, https:\/\/galleria-kroeger.ch\/wp-content\/uploads\/2022\/03\/Verzicht-auf-Mitte-2010-O42H18cm-300x227.jpg 300w, https:\/\/galleria-kroeger.ch\/wp-content\/uploads\/2022\/03\/Verzicht-auf-Mitte-2010-O42H18cm-400x303.jpg 400w, https:\/\/galleria-kroeger.ch\/wp-content\/uploads\/2022\/03\/Verzicht-auf-Mitte-2010-O42H18cm-600x455.jpg 600w, https:\/\/galleria-kroeger.ch\/wp-content\/uploads\/2022\/03\/Verzicht-auf-Mitte-2010-O42H18cm-768x582.jpg 768w, https:\/\/galleria-kroeger.ch\/wp-content\/uploads\/2022\/03\/Verzicht-auf-Mitte-2010-O42H18cm-800x606.jpg 800w, https:\/\/galleria-kroeger.ch\/wp-content\/uploads\/2022\/03\/Verzicht-auf-Mitte-2010-O42H18cm-1024x776.jpg 1024w, https:\/\/galleria-kroeger.ch\/wp-content\/uploads\/2022\/03\/Verzicht-auf-Mitte-2010-O42H18cm-1200x909.jpg 1200w, https:\/\/galleria-kroeger.ch\/wp-content\/uploads\/2022\/03\/Verzicht-auf-Mitte-2010-O42H18cm.jpg 1268w\" sizes=\"(max-width: 300px) 100vw, 300px\" \/>\n\t\t<div class=\"figc no-title no-description\">\n\t\t\t<div class=\"figc-inner\">\n\t\t\t\t\t\t\t\t\t\t\t\t\t\t\t<\/div>\n\t\t<\/div>\n\n\t<\/div>\n\n<\/div>\t\t\n\t<\/div>\n\n\t\n\t\n\t<script type=\"application\/ld+json\">\n\t{\n\t\t\"@context\": \"http:\/\/schema.org\",\n\t\t\"@type\"   : \"ImageGallery\",\n\t\t\"id\"      : \"https:\/\/galleria-kroeger.ch\/de\/michael-kropp-de\/\",\n\t\t\"url\"     : \"https:\/\/galleria-kroeger.ch\/de\/michael-kropp-de\/\"\n\t}\n\n\t<\/script>\n\n\t\n<\/div>\n\n<\/div><\/div><\/div><div class=\"fusion-layout-column fusion_builder_column fusion-builder-column-1 fusion_builder_column_1_1 1_1 fusion-flex-column\" style=\"--awb-bg-size:cover;--awb-width-large:100%;--awb-margin-top-large:0px;--awb-spacing-right-large:1.92%;--awb-margin-bottom-large:20px;--awb-spacing-left-large:1.92%;--awb-width-medium:100%;--awb-order-medium:0;--awb-spacing-right-medium:1.92%;--awb-spacing-left-medium:1.92%;--awb-width-small:100%;--awb-order-small:0;--awb-spacing-right-small:1.92%;--awb-spacing-left-small:1.92%;\"><div class=\"fusion-column-wrapper fusion-column-has-shadow fusion-flex-justify-content-flex-start fusion-content-layout-column\"><div class=\"fusion-separator fusion-full-width-sep\" style=\"align-self: center;margin-left: auto;margin-right: auto;margin-top:100px;width:100%;\"><div class=\"fusion-separator-border sep-single sep-solid\" style=\"--awb-height:20px;--awb-amount:20px;--awb-sep-color:#666666;border-color:#666666;border-top-width:1px;\"><\/div><\/div><div class=\"fusion-title title fusion-title-2 fusion-sep-none fusion-title-text fusion-title-size-five fusion-animated\" style=\"--awb-margin-top-small:10px;--awb-margin-right-small:0px;--awb-margin-bottom-small:10px;--awb-margin-left-small:0px;\" data-animationType=\"fadeInLeft\" data-animationDuration=\"1.0\" data-animationOffset=\"top-into-view\"><h5 class=\"fusion-title-heading title-heading-left\" style=\"margin:0;\">Biografie<\/h5><\/div><\/div><\/div><\/div><\/div><div class=\"fusion-fullwidth fullwidth-box fusion-builder-row-2 fusion-flex-container nonhundred-percent-fullwidth non-hundred-percent-height-scrolling\" style=\"--awb-border-radius-top-left:0px;--awb-border-radius-top-right:0px;--awb-border-radius-bottom-right:0px;--awb-border-radius-bottom-left:0px;--awb-flex-wrap:wrap;\" ><div class=\"fusion-builder-row fusion-row fusion-flex-align-items-flex-start fusion-flex-content-wrap\" style=\"max-width:1248px;margin-left: calc(-4% \/ 2 );margin-right: calc(-4% \/ 2 );\"><div class=\"fusion-layout-column fusion_builder_column fusion-builder-column-2 fusion_builder_column_1_2 1_2 fusion-flex-column\" style=\"--awb-bg-size:cover;--awb-width-large:50%;--awb-margin-top-large:0px;--awb-spacing-right-large:3.84%;--awb-margin-bottom-large:20px;--awb-spacing-left-large:3.84%;--awb-width-medium:50%;--awb-order-medium:0;--awb-spacing-right-medium:3.84%;--awb-spacing-left-medium:3.84%;--awb-width-small:100%;--awb-order-small:0;--awb-spacing-right-small:1.92%;--awb-spacing-left-small:1.92%;\"><div class=\"fusion-column-wrapper fusion-column-has-shadow fusion-flex-justify-content-flex-start fusion-content-layout-column\"><div class=\"fusion-text fusion-text-3\"><p><img decoding=\"async\" class=\"alignnone wp-image-2379 size-thumbnail\" src=\"https:\/\/galleria-kroeger.ch\/wp-content\/uploads\/2022\/03\/Bildschirmfoto-2022-03-04-um-11.37.37-150x150.jpg\" alt=\"Michael Kropp\" width=\"150\" height=\"150\" srcset=\"https:\/\/galleria-kroeger.ch\/wp-content\/uploads\/2022\/03\/Bildschirmfoto-2022-03-04-um-11.37.37-66x66.jpg 66w, https:\/\/galleria-kroeger.ch\/wp-content\/uploads\/2022\/03\/Bildschirmfoto-2022-03-04-um-11.37.37-150x150.jpg 150w\" sizes=\"(max-width: 150px) 100vw, 150px\" \/><\/p>\n<\/div><\/div><\/div><\/div><\/div><div class=\"fusion-fullwidth fullwidth-box fusion-builder-row-3 fusion-flex-container nonhundred-percent-fullwidth non-hundred-percent-height-scrolling\" style=\"--awb-border-radius-top-left:0px;--awb-border-radius-top-right:0px;--awb-border-radius-bottom-right:0px;--awb-border-radius-bottom-left:0px;--awb-flex-wrap:wrap;\" ><div class=\"fusion-builder-row fusion-row fusion-flex-align-items-flex-start fusion-flex-content-wrap\" style=\"max-width:1248px;margin-left: calc(-4% \/ 2 );margin-right: calc(-4% \/ 2 );\"><div class=\"fusion-layout-column fusion_builder_column fusion-builder-column-3 fusion_builder_column_1_1 1_1 fusion-flex-column\" style=\"--awb-bg-size:cover;--awb-width-large:100%;--awb-margin-top-large:0px;--awb-spacing-right-large:1.92%;--awb-margin-bottom-large:20px;--awb-spacing-left-large:1.92%;--awb-width-medium:100%;--awb-order-medium:0;--awb-spacing-right-medium:1.92%;--awb-spacing-left-medium:1.92%;--awb-width-small:100%;--awb-order-small:0;--awb-spacing-right-small:1.92%;--awb-spacing-left-small:1.92%;\"><div class=\"fusion-column-wrapper fusion-column-has-shadow fusion-flex-justify-content-flex-start fusion-content-layout-column\"><div class=\"fusion-separator fusion-full-width-sep\" style=\"align-self: center;margin-left: auto;margin-right: auto;margin-bottom:5px;width:100%;\"><\/div><\/div><\/div><div class=\"fusion-layout-column fusion_builder_column fusion-builder-column-4 fusion_builder_column_1_1 1_1 fusion-flex-column\" style=\"--awb-bg-size:cover;--awb-width-large:100%;--awb-margin-top-large:0px;--awb-spacing-right-large:1.92%;--awb-margin-bottom-large:20px;--awb-spacing-left-large:1.92%;--awb-width-medium:100%;--awb-order-medium:0;--awb-spacing-right-medium:1.92%;--awb-spacing-left-medium:1.92%;--awb-width-small:100%;--awb-order-small:0;--awb-spacing-right-small:1.92%;--awb-spacing-left-small:1.92%;\"><div class=\"fusion-column-wrapper fusion-column-has-shadow fusion-flex-justify-content-flex-start fusion-content-layout-column\"><div class=\"fusion-text fusion-text-4\"><p>1960 geboren in K\u00f6ln<br \/>\n1986 &#8211; 1991 Studium der Sozialp\u00e4dagogik an der Fachhochschule K\u00f6ln<br \/>\nMusiker, als K\u00fcnstler Autodidakt<\/p>\n<\/div><\/div><\/div><div class=\"fusion-layout-column fusion_builder_column fusion-builder-column-5 fusion_builder_column_1_1 1_1 fusion-flex-column\" style=\"--awb-bg-size:cover;--awb-width-large:100%;--awb-margin-top-large:0px;--awb-spacing-right-large:1.92%;--awb-margin-bottom-large:20px;--awb-spacing-left-large:1.92%;--awb-width-medium:100%;--awb-order-medium:0;--awb-spacing-right-medium:1.92%;--awb-spacing-left-medium:1.92%;--awb-width-small:100%;--awb-order-small:0;--awb-spacing-right-small:1.92%;--awb-spacing-left-small:1.92%;\"><div class=\"fusion-column-wrapper fusion-column-has-shadow fusion-flex-justify-content-flex-start fusion-content-layout-column\"><div class=\"fusion-text fusion-text-5\"><p>Das Bildhauerpaar Livia Kubach und Michael Kropp verwendet in seiner Arbeit meist schwarze Granite aus unterschiedlichen Regionen der Erde. Die Struktur der bearbeiteten Steine zeigt sich kristallin oder amorph, geschliffen und poliert oder rauh und mit Bruchkanten. Zun\u00e4chst faszinieren die Objekte und Skulpturen durch ihre besondere \u00c4sthetik. Sie strahlen Ruhe und Konzentration aus und \u00fcben auf den Betrachter eine starke, beinahe magische Anziehungskraft aus. Jenseits der Faszination der Oberfl\u00e4che haben die Arbeiten von Kubach &#038; Kropp jedoch optische und akustische Eigenschaften: Sie fordern den Betrachter dazu auf, ihnen T\u00f6ne zu entlocken, sie in Bewegung zu versetzen und durch Positionswechsel den optischen Ver\u00e4nderungen im Stein und dem subtilen Spiel mit dem Licht zu folgen. <\/p>\n<p>Die beiden haben \u00fcber die Jahre eine eigenst\u00e4ndige, keinem Trend zuzuordnende k\u00fcnstlerische Ausdrucksform gefunden. Seit vielen Jahren sind sie mit ihren Skulpturen sehr erfolgreich bei internationalen Ausstellungen und Kunstmessen vertreten und in renommierten Kunstsammlungen dauerhaft pr\u00e4sent.<br \/>\nDas Bildhauerpaar lebt und arbeitet in Bad M\u00fcnster am Stein (D)<\/p>\n<\/div><\/div><\/div><div class=\"fusion-layout-column fusion_builder_column fusion-builder-column-6 fusion_builder_column_1_1 1_1 fusion-flex-column\" style=\"--awb-bg-size:cover;--awb-width-large:100%;--awb-margin-top-large:0px;--awb-spacing-right-large:1.92%;--awb-margin-bottom-large:20px;--awb-spacing-left-large:1.92%;--awb-width-medium:100%;--awb-order-medium:0;--awb-spacing-right-medium:1.92%;--awb-spacing-left-medium:1.92%;--awb-width-small:100%;--awb-order-small:0;--awb-spacing-right-small:1.92%;--awb-spacing-left-small:1.92%;\"><div class=\"fusion-column-wrapper fusion-column-has-shadow fusion-flex-justify-content-flex-start fusion-content-layout-column\"><div class=\"fusion-separator fusion-full-width-sep\" style=\"align-self: center;margin-left: auto;margin-right: auto;margin-bottom:100px;width:100%;\"><\/div><\/div><\/div><\/div><\/div><\/p>\n","protected":false},"excerpt":{"rendered":"","protected":false},"author":1,"featured_media":0,"parent":0,"menu_order":0,"comment_status":"closed","ping_status":"closed","template":"","meta":{"footnotes":""},"class_list":["post-2388","page","type-page","status-publish","hentry"],"yoast_head":"<!-- This site is optimized with the Yoast SEO plugin v27.3 - https:\/\/yoast.com\/product\/yoast-seo-wordpress\/ -->\n<title>Michael Kropp - Galleria Kr\u00f6ger<\/title>\n<meta name=\"robots\" content=\"index, follow, max-snippet:-1, max-image-preview:large, max-video-preview:-1\" \/>\n<link rel=\"canonical\" href=\"https:\/\/galleria-kroeger.ch\/de\/michael-kropp-de\/\" \/>\n<meta property=\"og:locale\" content=\"de_DE\" \/>\n<meta property=\"og:type\" content=\"article\" \/>\n<meta property=\"og:title\" content=\"Michael Kropp - Galleria Kr\u00f6ger\" \/>\n<meta property=\"og:url\" content=\"https:\/\/galleria-kroeger.ch\/de\/michael-kropp-de\/\" \/>\n<meta property=\"og:site_name\" content=\"Galleria Kr\u00f6ger\" \/>\n<meta property=\"article:modified_time\" content=\"2023-03-07T09:42:50+00:00\" \/>\n<meta property=\"og:image\" content=\"https:\/\/galleria-kroeger.ch\/wp-content\/uploads\/2022\/03\/Bildschirmfoto-2022-03-04-um-11.37.37-150x150.jpg\" \/>\n<meta name=\"twitter:card\" content=\"summary_large_image\" \/>\n<meta name=\"twitter:label1\" content=\"Gesch\u00e4tzte Lesezeit\" \/>\n\t<meta name=\"twitter:data1\" content=\"6\u00a0Minuten\" \/>\n<script type=\"application\/ld+json\" class=\"yoast-schema-graph\">{\"@context\":\"https:\\\/\\\/schema.org\",\"@graph\":[{\"@type\":\"WebPage\",\"@id\":\"https:\\\/\\\/galleria-kroeger.ch\\\/de\\\/michael-kropp-de\\\/\",\"url\":\"https:\\\/\\\/galleria-kroeger.ch\\\/de\\\/michael-kropp-de\\\/\",\"name\":\"Michael Kropp - Galleria Kr\u00f6ger\",\"isPartOf\":{\"@id\":\"https:\\\/\\\/galleria-kroeger.ch\\\/de\\\/#website\"},\"primaryImageOfPage\":{\"@id\":\"https:\\\/\\\/galleria-kroeger.ch\\\/de\\\/michael-kropp-de\\\/#primaryimage\"},\"image\":{\"@id\":\"https:\\\/\\\/galleria-kroeger.ch\\\/de\\\/michael-kropp-de\\\/#primaryimage\"},\"thumbnailUrl\":\"https:\\\/\\\/galleria-kroeger.ch\\\/wp-content\\\/uploads\\\/2022\\\/03\\\/Bildschirmfoto-2022-03-04-um-11.37.37-150x150.jpg\",\"datePublished\":\"2022-03-12T11:14:22+00:00\",\"dateModified\":\"2023-03-07T09:42:50+00:00\",\"breadcrumb\":{\"@id\":\"https:\\\/\\\/galleria-kroeger.ch\\\/de\\\/michael-kropp-de\\\/#breadcrumb\"},\"inLanguage\":\"de\",\"potentialAction\":[{\"@type\":\"ReadAction\",\"target\":[\"https:\\\/\\\/galleria-kroeger.ch\\\/de\\\/michael-kropp-de\\\/\"]}]},{\"@type\":\"ImageObject\",\"inLanguage\":\"de\",\"@id\":\"https:\\\/\\\/galleria-kroeger.ch\\\/de\\\/michael-kropp-de\\\/#primaryimage\",\"url\":\"https:\\\/\\\/galleria-kroeger.ch\\\/wp-content\\\/uploads\\\/2022\\\/03\\\/Bildschirmfoto-2022-03-04-um-11.37.37-150x150.jpg\",\"contentUrl\":\"https:\\\/\\\/galleria-kroeger.ch\\\/wp-content\\\/uploads\\\/2022\\\/03\\\/Bildschirmfoto-2022-03-04-um-11.37.37-150x150.jpg\"},{\"@type\":\"BreadcrumbList\",\"@id\":\"https:\\\/\\\/galleria-kroeger.ch\\\/de\\\/michael-kropp-de\\\/#breadcrumb\",\"itemListElement\":[{\"@type\":\"ListItem\",\"position\":1,\"name\":\"Home\",\"item\":\"https:\\\/\\\/galleria-kroeger.ch\\\/de\\\/\"},{\"@type\":\"ListItem\",\"position\":2,\"name\":\"Michael Kropp\"}]},{\"@type\":\"WebSite\",\"@id\":\"https:\\\/\\\/galleria-kroeger.ch\\\/de\\\/#website\",\"url\":\"https:\\\/\\\/galleria-kroeger.ch\\\/de\\\/\",\"name\":\"Galleria Kr\u00f6ger\",\"description\":\"Arte e mostra di sculture\",\"potentialAction\":[{\"@type\":\"SearchAction\",\"target\":{\"@type\":\"EntryPoint\",\"urlTemplate\":\"https:\\\/\\\/galleria-kroeger.ch\\\/de\\\/?s={search_term_string}\"},\"query-input\":{\"@type\":\"PropertyValueSpecification\",\"valueRequired\":true,\"valueName\":\"search_term_string\"}}],\"inLanguage\":\"de\"}]}<\/script>\n<!-- \/ Yoast SEO plugin. -->","yoast_head_json":{"title":"Michael Kropp - Galleria Kr\u00f6ger","robots":{"index":"index","follow":"follow","max-snippet":"max-snippet:-1","max-image-preview":"max-image-preview:large","max-video-preview":"max-video-preview:-1"},"canonical":"https:\/\/galleria-kroeger.ch\/de\/michael-kropp-de\/","og_locale":"de_DE","og_type":"article","og_title":"Michael Kropp - Galleria Kr\u00f6ger","og_url":"https:\/\/galleria-kroeger.ch\/de\/michael-kropp-de\/","og_site_name":"Galleria Kr\u00f6ger","article_modified_time":"2023-03-07T09:42:50+00:00","og_image":[{"url":"https:\/\/galleria-kroeger.ch\/wp-content\/uploads\/2022\/03\/Bildschirmfoto-2022-03-04-um-11.37.37-150x150.jpg","type":"","width":"","height":""}],"twitter_card":"summary_large_image","twitter_misc":{"Gesch\u00e4tzte Lesezeit":"6\u00a0Minuten"},"schema":{"@context":"https:\/\/schema.org","@graph":[{"@type":"WebPage","@id":"https:\/\/galleria-kroeger.ch\/de\/michael-kropp-de\/","url":"https:\/\/galleria-kroeger.ch\/de\/michael-kropp-de\/","name":"Michael Kropp - Galleria Kr\u00f6ger","isPartOf":{"@id":"https:\/\/galleria-kroeger.ch\/de\/#website"},"primaryImageOfPage":{"@id":"https:\/\/galleria-kroeger.ch\/de\/michael-kropp-de\/#primaryimage"},"image":{"@id":"https:\/\/galleria-kroeger.ch\/de\/michael-kropp-de\/#primaryimage"},"thumbnailUrl":"https:\/\/galleria-kroeger.ch\/wp-content\/uploads\/2022\/03\/Bildschirmfoto-2022-03-04-um-11.37.37-150x150.jpg","datePublished":"2022-03-12T11:14:22+00:00","dateModified":"2023-03-07T09:42:50+00:00","breadcrumb":{"@id":"https:\/\/galleria-kroeger.ch\/de\/michael-kropp-de\/#breadcrumb"},"inLanguage":"de","potentialAction":[{"@type":"ReadAction","target":["https:\/\/galleria-kroeger.ch\/de\/michael-kropp-de\/"]}]},{"@type":"ImageObject","inLanguage":"de","@id":"https:\/\/galleria-kroeger.ch\/de\/michael-kropp-de\/#primaryimage","url":"https:\/\/galleria-kroeger.ch\/wp-content\/uploads\/2022\/03\/Bildschirmfoto-2022-03-04-um-11.37.37-150x150.jpg","contentUrl":"https:\/\/galleria-kroeger.ch\/wp-content\/uploads\/2022\/03\/Bildschirmfoto-2022-03-04-um-11.37.37-150x150.jpg"},{"@type":"BreadcrumbList","@id":"https:\/\/galleria-kroeger.ch\/de\/michael-kropp-de\/#breadcrumb","itemListElement":[{"@type":"ListItem","position":1,"name":"Home","item":"https:\/\/galleria-kroeger.ch\/de\/"},{"@type":"ListItem","position":2,"name":"Michael Kropp"}]},{"@type":"WebSite","@id":"https:\/\/galleria-kroeger.ch\/de\/#website","url":"https:\/\/galleria-kroeger.ch\/de\/","name":"Galleria Kr\u00f6ger","description":"Arte e mostra di sculture","potentialAction":[{"@type":"SearchAction","target":{"@type":"EntryPoint","urlTemplate":"https:\/\/galleria-kroeger.ch\/de\/?s={search_term_string}"},"query-input":{"@type":"PropertyValueSpecification","valueRequired":true,"valueName":"search_term_string"}}],"inLanguage":"de"}]}},"_links":{"self":[{"href":"https:\/\/galleria-kroeger.ch\/de\/wp-json\/wp\/v2\/pages\/2388","targetHints":{"allow":["GET"]}}],"collection":[{"href":"https:\/\/galleria-kroeger.ch\/de\/wp-json\/wp\/v2\/pages"}],"about":[{"href":"https:\/\/galleria-kroeger.ch\/de\/wp-json\/wp\/v2\/types\/page"}],"author":[{"embeddable":true,"href":"https:\/\/galleria-kroeger.ch\/de\/wp-json\/wp\/v2\/users\/1"}],"replies":[{"embeddable":true,"href":"https:\/\/galleria-kroeger.ch\/de\/wp-json\/wp\/v2\/comments?post=2388"}],"version-history":[{"count":4,"href":"https:\/\/galleria-kroeger.ch\/de\/wp-json\/wp\/v2\/pages\/2388\/revisions"}],"predecessor-version":[{"id":2887,"href":"https:\/\/galleria-kroeger.ch\/de\/wp-json\/wp\/v2\/pages\/2388\/revisions\/2887"}],"wp:attachment":[{"href":"https:\/\/galleria-kroeger.ch\/de\/wp-json\/wp\/v2\/media?parent=2388"}],"curies":[{"name":"wp","href":"https:\/\/api.w.org\/{rel}","templated":true}]}}